{"id":572,"date":"2024-04-14T15:18:07","date_gmt":"2024-04-14T13:18:07","guid":{"rendered":"https:\/\/kylko.com\/strona-glowna\/"},"modified":"2025-07-11T17:11:09","modified_gmt":"2025-07-11T15:11:09","slug":"strona-glowna","status":"publish","type":"page","link":"https:\/\/kylko.com\/pl\/","title":{"rendered":"Strona g\u0142\u00f3wna"},"content":{"rendered":"","protected":false},"excerpt":{"rendered":"","protected":false},"author":1,"featured_media":0,"parent":0,"menu_order":0,"comment_status":"closed","ping_status":"open","template":"index.php","meta":{"_acf_changed":false,"footnotes":""},"class_list":["post-572","page","type-page","status-publish","hentry"],"acf":[],"yoast_head":"<!-- This site is optimized with the Yoast SEO Premium plugin v25.4 (Yoast SEO v25.4) - https:\/\/yoast.com\/wordpress\/plugins\/seo\/ -->\n<title>KYLKO | Krzes\u0142a, kt\u00f3re idealnie wpasuj\u0105 si\u0119 w Twoj\u0105 przestrze\u0144<\/title>\n<meta name=\"description\" content=\"Odkryj eleganckie krzes\u0142a premium KYLKO, kt\u00f3re idealnie pasuj\u0105 do biur, hoteli i przestrzeni komercyjnych \u2013 komfort i styl w jednym.\" \/>\n<meta name=\"robots\" content=\"index, follow, max-snippet:-1, max-image-preview:large, max-video-preview:-1\" \/>\n<link rel=\"canonical\" href=\"https:\/\/kylko.com\/pl\/\" \/>\n<meta property=\"og:locale\" content=\"pl_PL\" \/>\n<meta property=\"og:type\" content=\"article\" \/>\n<meta property=\"og:title\" content=\"KYLKO | Krzes\u0142a, kt\u00f3re idealnie wpasuj\u0105 si\u0119 w Twoj\u0105 przestrze\u0144\" \/>\n<meta property=\"og:description\" content=\"Odkryj eleganckie krzes\u0142a premium KYLKO, kt\u00f3re idealnie pasuj\u0105 do biur, hoteli i przestrzeni komercyjnych \u2013 komfort i styl w jednym.\" \/>\n<meta property=\"og:url\" content=\"https:\/\/kylko.com\/pl\/\" \/>\n<meta property=\"og:site_name\" content=\"KYLKO\" \/>\n<meta property=\"article:publisher\" content=\"https:\/\/www.facebook.com\/kylkoofficial\" \/>\n<meta property=\"article:modified_time\" content=\"2025-07-11T15:11:09+00:00\" \/>\n<meta property=\"og:image\" content=\"https:\/\/kylko.com\/wp-content\/uploads\/2025\/07\/ogimage-kylko-pl.png\" \/>\n\t<meta property=\"og:image:width\" content=\"1200\" \/>\n\t<meta property=\"og:image:height\" content=\"630\" \/>\n\t<meta property=\"og:image:type\" content=\"image\/png\" \/>\n<meta name=\"twitter:card\" content=\"summary_large_image\" \/>\n<meta name=\"twitter:title\" content=\"Strona g\u0142\u00f3wna\" \/>\n<script type=\"application\/ld+json\" class=\"yoast-schema-graph\">{\"@context\":\"https:\/\/schema.org\",\"@graph\":[{\"@type\":\"WebPage\",\"@id\":\"https:\/\/kylko.com\/pl\/\",\"url\":\"https:\/\/kylko.com\/pl\/\",\"name\":\"KYLKO | Krzes\u0142a, kt\u00f3re idealnie wpasuj\u0105 si\u0119 w Twoj\u0105 przestrze\u0144\",\"isPartOf\":{\"@id\":\"https:\/\/kylko.com\/pl\/#website\"},\"datePublished\":\"2024-04-14T13:18:07+00:00\",\"dateModified\":\"2025-07-11T15:11:09+00:00\",\"description\":\"Odkryj eleganckie krzes\u0142a premium KYLKO, kt\u00f3re idealnie pasuj\u0105 do biur, hoteli i przestrzeni komercyjnych \u2013 komfort i styl w jednym.\",\"breadcrumb\":{\"@id\":\"https:\/\/kylko.com\/pl\/#breadcrumb\"},\"inLanguage\":\"pl-PL\",\"potentialAction\":[{\"@type\":\"ReadAction\",\"target\":[\"https:\/\/kylko.com\/pl\/\"]}]},{\"@type\":\"BreadcrumbList\",\"@id\":\"https:\/\/kylko.com\/pl\/#breadcrumb\",\"itemListElement\":[{\"@type\":\"ListItem\",\"position\":1,\"name\":\"Home\",\"item\":\"https:\/\/kylko.com\/pl\/strona-glowna\/\"},{\"@type\":\"ListItem\",\"position\":2,\"name\":\"Strona g\u0142\u00f3wna\"}]},{\"@type\":\"WebSite\",\"@id\":\"https:\/\/kylko.com\/pl\/#website\",\"url\":\"https:\/\/kylko.com\/pl\/\",\"name\":\"KYLKO\",\"description\":\"Crafted by your imagination\",\"publisher\":{\"@id\":\"https:\/\/kylko.com\/pl\/#organization\"},\"potentialAction\":[{\"@type\":\"SearchAction\",\"target\":{\"@type\":\"EntryPoint\",\"urlTemplate\":\"https:\/\/kylko.com\/pl\/?s={search_term_string}\"},\"query-input\":{\"@type\":\"PropertyValueSpecification\",\"valueRequired\":true,\"valueName\":\"search_term_string\"}}],\"inLanguage\":\"pl-PL\"},{\"@type\":\"Organization\",\"@id\":\"https:\/\/kylko.com\/pl\/#organization\",\"name\":\"KYLKO\",\"url\":\"https:\/\/kylko.com\/pl\/\",\"logo\":{\"@type\":\"ImageObject\",\"inLanguage\":\"pl-PL\",\"@id\":\"https:\/\/kylko.com\/pl\/#\/schema\/logo\/image\/\",\"url\":\"https:\/\/kylko.com\/wp-content\/uploads\/2025\/07\/logo.svg\",\"contentUrl\":\"https:\/\/kylko.com\/wp-content\/uploads\/2025\/07\/logo.svg\",\"width\":1,\"height\":1,\"caption\":\"KYLKO\"},\"image\":{\"@id\":\"https:\/\/kylko.com\/pl\/#\/schema\/logo\/image\/\"},\"sameAs\":[\"https:\/\/www.facebook.com\/kylkoofficial\",\"https:\/\/www.linkedin.com\/company\/kylko\/\",\"https:\/\/www.instagram.com\/kylko_official\/#\"]}]}<\/script>\n<!-- \/ Yoast SEO Premium plugin. -->","yoast_head_json":{"title":"KYLKO | Krzes\u0142a, kt\u00f3re idealnie wpasuj\u0105 si\u0119 w Twoj\u0105 przestrze\u0144","description":"Odkryj eleganckie krzes\u0142a premium KYLKO, kt\u00f3re idealnie pasuj\u0105 do biur, hoteli i przestrzeni komercyjnych \u2013 komfort i styl w jednym.","robots":{"index":"index","follow":"follow","max-snippet":"max-snippet:-1","max-image-preview":"max-image-preview:large","max-video-preview":"max-video-preview:-1"},"canonical":"https:\/\/kylko.com\/pl\/","og_locale":"pl_PL","og_type":"article","og_title":"KYLKO | Krzes\u0142a, kt\u00f3re idealnie wpasuj\u0105 si\u0119 w Twoj\u0105 przestrze\u0144","og_description":"Odkryj eleganckie krzes\u0142a premium KYLKO, kt\u00f3re idealnie pasuj\u0105 do biur, hoteli i przestrzeni komercyjnych \u2013 komfort i styl w jednym.","og_url":"https:\/\/kylko.com\/pl\/","og_site_name":"KYLKO","article_publisher":"https:\/\/www.facebook.com\/kylkoofficial","article_modified_time":"2025-07-11T15:11:09+00:00","og_image":[{"width":1200,"height":630,"url":"https:\/\/kylko.com\/wp-content\/uploads\/2025\/07\/ogimage-kylko-pl.png","type":"image\/png"}],"twitter_card":"summary_large_image","twitter_title":"Strona g\u0142\u00f3wna","schema":{"@context":"https:\/\/schema.org","@graph":[{"@type":"WebPage","@id":"https:\/\/kylko.com\/pl\/","url":"https:\/\/kylko.com\/pl\/","name":"KYLKO | Krzes\u0142a, kt\u00f3re idealnie wpasuj\u0105 si\u0119 w Twoj\u0105 przestrze\u0144","isPartOf":{"@id":"https:\/\/kylko.com\/pl\/#website"},"datePublished":"2024-04-14T13:18:07+00:00","dateModified":"2025-07-11T15:11:09+00:00","description":"Odkryj eleganckie krzes\u0142a premium KYLKO, kt\u00f3re idealnie pasuj\u0105 do biur, hoteli i przestrzeni komercyjnych \u2013 komfort i styl w jednym.","breadcrumb":{"@id":"https:\/\/kylko.com\/pl\/#breadcrumb"},"inLanguage":"pl-PL","potentialAction":[{"@type":"ReadAction","target":["https:\/\/kylko.com\/pl\/"]}]},{"@type":"BreadcrumbList","@id":"https:\/\/kylko.com\/pl\/#breadcrumb","itemListElement":[{"@type":"ListItem","position":1,"name":"Home","item":"https:\/\/kylko.com\/pl\/strona-glowna\/"},{"@type":"ListItem","position":2,"name":"Strona g\u0142\u00f3wna"}]},{"@type":"WebSite","@id":"https:\/\/kylko.com\/pl\/#website","url":"https:\/\/kylko.com\/pl\/","name":"KYLKO","description":"Crafted by your imagination","publisher":{"@id":"https:\/\/kylko.com\/pl\/#organization"},"potentialAction":[{"@type":"SearchAction","target":{"@type":"EntryPoint","urlTemplate":"https:\/\/kylko.com\/pl\/?s={search_term_string}"},"query-input":{"@type":"PropertyValueSpecification","valueRequired":true,"valueName":"search_term_string"}}],"inLanguage":"pl-PL"},{"@type":"Organization","@id":"https:\/\/kylko.com\/pl\/#organization","name":"KYLKO","url":"https:\/\/kylko.com\/pl\/","logo":{"@type":"ImageObject","inLanguage":"pl-PL","@id":"https:\/\/kylko.com\/pl\/#\/schema\/logo\/image\/","url":"https:\/\/kylko.com\/wp-content\/uploads\/2025\/07\/logo.svg","contentUrl":"https:\/\/kylko.com\/wp-content\/uploads\/2025\/07\/logo.svg","width":1,"height":1,"caption":"KYLKO"},"image":{"@id":"https:\/\/kylko.com\/pl\/#\/schema\/logo\/image\/"},"sameAs":["https:\/\/www.facebook.com\/kylkoofficial","https:\/\/www.linkedin.com\/company\/kylko\/","https:\/\/www.instagram.com\/kylko_official\/#"]}]}},"_links":{"self":[{"href":"https:\/\/kylko.com\/pl\/wp-json\/wp\/v2\/pages\/572","targetHints":{"allow":["GET"]}}],"collection":[{"href":"https:\/\/kylko.com\/pl\/wp-json\/wp\/v2\/pages"}],"about":[{"href":"https:\/\/kylko.com\/pl\/wp-json\/wp\/v2\/types\/page"}],"author":[{"embeddable":true,"href":"https:\/\/kylko.com\/pl\/wp-json\/wp\/v2\/users\/1"}],"replies":[{"embeddable":true,"href":"https:\/\/kylko.com\/pl\/wp-json\/wp\/v2\/comments?post=572"}],"version-history":[{"count":0,"href":"https:\/\/kylko.com\/pl\/wp-json\/wp\/v2\/pages\/572\/revisions"}],"wp:attachment":[{"href":"https:\/\/kylko.com\/pl\/wp-json\/wp\/v2\/media?parent=572"}],"curies":[{"name":"wp","href":"https:\/\/api.w.org\/{rel}","templated":true}]}}