{"id":4216,"date":"2025-07-11T10:23:17","date_gmt":"2025-07-11T10:23:17","guid":{"rendered":"https:\/\/kylko.com\/product\/irys\/"},"modified":"2025-09-01T22:35:14","modified_gmt":"2025-09-01T20:35:14","slug":"irys","status":"publish","type":"product","link":"https:\/\/kylko.com\/pl\/produkt\/irys\/","title":{"rendered":"Irys"},"content":{"rendered":"<div class=\"hero-content\">\n<div class=\"hero__desc\">Wyrafinowana tapicerka przywo\u0142uje elegancj\u0119 klasycznych styl\u00f3w z nowoczesn\u0105 prezencj\u0105.<br data-start=\"120\" data-end=\"123\" \/>Dzi\u0119ki szerokiej gamie drewnianych lub metalowych podstaw i szerokiej gamie tkanin, jego konstrukcja mo\u017ce p\u0142ynnie wtopi\u0107 si\u0119 w ka\u017cd\u0105 przestrze\u0144 i dopasowa\u0107 do wszelkich preferencji.<\/div>\n<\/div>\n","protected":false},"excerpt":{"rendered":"<p>Wyrafinowana tapicerka przywo\u0142uje elegancj\u0119 klasycznych styl\u00f3w z nowoczesn\u0105 prezencj\u0105.Dzi\u0119ki szerokiej gamie drewnianych lub metalowych podstaw i szerokiej gamie tkanin, jego konstrukcja mo\u017ce p\u0142ynnie wtopi\u0107 si\u0119 w ka\u017cd\u0105 przestrze\u0144 i dopasowa\u0107 do wszelkich preferencji.<\/p>\n","protected":false},"featured_media":3228,"comment_status":"open","ping_status":"closed","template":"","meta":{"_acf_changed":false},"product_brand":[81],"product_cat":[60],"product_tag":[],"class_list":{"0":"post-4216","1":"product","2":"type-product","3":"status-publish","4":"has-post-thumbnail","6":"product_brand-irys","7":"product_cat-krzesla","8":"pa_chair-base-dgf-pl","9":"pa_chair-base-dtk-pl","10":"pa_chair-base-dtp-pl","11":"pa_chair-base-mgg-pl","12":"pa_chair-base-mgs-pl","13":"pa_chair-base-mgu-pl","14":"pa_chair-base-mgw-pl","15":"pa_chair-base-mgx-pl","16":"pa_chair-base-mpk-pl","17":"pa_chair-base-mpp-pl","18":"pa_chair-base-mrk-pl","19":"pa_chair-base-mrp-pl","20":"pa_chair-base-mrt-pl","21":"pa_chair-base-ofk-pl","22":"pa_chair-base-ofs-pl","23":"pa_chair-base-owi-pl","25":"first","26":"instock","27":"shipping-taxable","28":"purchasable","29":"product-type-variable","30":"has-default-attributes"},"acf":[],"yoast_head":"<!-- This site is optimized with the Yoast SEO Premium plugin v25.4 (Yoast SEO v25.4) - https:\/\/yoast.com\/wordpress\/plugins\/seo\/ -->\n<title>KYLKO | Kolekcja IRYS | Krzes\u0142a premium do wyj\u0105tkowych wn\u0119trz<\/title>\n<meta name=\"description\" content=\"Odkryj krzes\u0142a KYLKO z kolekcji Irys \u2013 styl, wygoda i ekologiczne wykonanie. idealne do biur, hoteli i wn\u0119trz komercyjnych.\" \/>\n<meta name=\"robots\" content=\"index, follow, max-snippet:-1, max-image-preview:large, max-video-preview:-1\" \/>\n<link rel=\"canonical\" href=\"https:\/\/kylko.com\/pl\/produkt\/irys\/\" \/>\n<meta property=\"og:locale\" content=\"pl_PL\" \/>\n<meta property=\"og:type\" content=\"article\" \/>\n<meta property=\"og:title\" content=\"KYLKO | Kolekcja IRYS | Krzes\u0142a premium do wyj\u0105tkowych wn\u0119trz\" \/>\n<meta property=\"og:description\" content=\"Odkryj krzes\u0142a KYLKO z kolekcji Irys \u2013 styl, wygoda i ekologiczne wykonanie. idealne do biur, hoteli i wn\u0119trz komercyjnych.\" \/>\n<meta property=\"og:url\" content=\"https:\/\/kylko.com\/pl\/produkt\/irys\/\" \/>\n<meta property=\"og:site_name\" content=\"KYLKO\" \/>\n<meta property=\"article:publisher\" content=\"https:\/\/www.facebook.com\/kylkoofficial\" \/>\n<meta property=\"article:modified_time\" content=\"2025-09-01T20:35:14+00:00\" \/>\n<meta property=\"og:image\" content=\"https:\/\/kylko.com\/wp-content\/uploads\/2025\/07\/Irys___Kolka_Inne2_Black__Alpha_.webp\" \/>\n\t<meta property=\"og:image:width\" content=\"2000\" \/>\n\t<meta property=\"og:image:height\" content=\"1414\" \/>\n\t<meta property=\"og:image:type\" content=\"image\/webp\" \/>\n<meta name=\"twitter:card\" content=\"summary_large_image\" \/>\n<meta name=\"twitter:title\" content=\"Irys\" \/>\n<meta name=\"twitter:label1\" content=\"Szacowany czas czytania\" \/>\n\t<meta name=\"twitter:data1\" content=\"1 minuta\" \/>\n<script type=\"application\/ld+json\" class=\"yoast-schema-graph\">{\"@context\":\"https:\/\/schema.org\",\"@graph\":[{\"@type\":\"WebPage\",\"@id\":\"https:\/\/kylko.com\/pl\/produkt\/irys\/\",\"url\":\"https:\/\/kylko.com\/pl\/produkt\/irys\/\",\"name\":\"KYLKO | Kolekcja IRYS | Krzes\u0142a premium do wyj\u0105tkowych wn\u0119trz\",\"isPartOf\":{\"@id\":\"https:\/\/kylko.com\/pl\/#website\"},\"primaryImageOfPage\":{\"@id\":\"https:\/\/kylko.com\/pl\/produkt\/irys\/#primaryimage\"},\"image\":{\"@id\":\"https:\/\/kylko.com\/pl\/produkt\/irys\/#primaryimage\"},\"thumbnailUrl\":\"https:\/\/kylko.com\/wp-content\/uploads\/2025\/07\/Irys___Kolka_Inne2_Black__Alpha_.webp\",\"datePublished\":\"2025-07-11T10:23:17+00:00\",\"dateModified\":\"2025-09-01T20:35:14+00:00\",\"description\":\"Odkryj krzes\u0142a KYLKO z kolekcji Irys \u2013 styl, wygoda i ekologiczne wykonanie. idealne do biur, hoteli i wn\u0119trz komercyjnych.\",\"breadcrumb\":{\"@id\":\"https:\/\/kylko.com\/pl\/produkt\/irys\/#breadcrumb\"},\"inLanguage\":\"pl-PL\",\"potentialAction\":[{\"@type\":\"ReadAction\",\"target\":[\"https:\/\/kylko.com\/pl\/produkt\/irys\/\"]}]},{\"@type\":\"ImageObject\",\"inLanguage\":\"pl-PL\",\"@id\":\"https:\/\/kylko.com\/pl\/produkt\/irys\/#primaryimage\",\"url\":\"https:\/\/kylko.com\/wp-content\/uploads\/2025\/07\/Irys___Kolka_Inne2_Black__Alpha_.webp\",\"contentUrl\":\"https:\/\/kylko.com\/wp-content\/uploads\/2025\/07\/Irys___Kolka_Inne2_Black__Alpha_.webp\",\"width\":2000,\"height\":1414},{\"@type\":\"BreadcrumbList\",\"@id\":\"https:\/\/kylko.com\/pl\/produkt\/irys\/#breadcrumb\",\"itemListElement\":[{\"@type\":\"ListItem\",\"position\":1,\"name\":\"Home\",\"item\":\"https:\/\/kylko.com\/pl\/strona-glowna\/\"},{\"@type\":\"ListItem\",\"position\":2,\"name\":\"Private: Sklep\",\"item\":\"https:\/\/kylko.com\/pl\/sklep\/\"},{\"@type\":\"ListItem\",\"position\":3,\"name\":\"Irys\"}]},{\"@type\":\"WebSite\",\"@id\":\"https:\/\/kylko.com\/pl\/#website\",\"url\":\"https:\/\/kylko.com\/pl\/\",\"name\":\"KYLKO\",\"description\":\"Crafted by your imagination\",\"publisher\":{\"@id\":\"https:\/\/kylko.com\/pl\/#organization\"},\"potentialAction\":[{\"@type\":\"SearchAction\",\"target\":{\"@type\":\"EntryPoint\",\"urlTemplate\":\"https:\/\/kylko.com\/pl\/?s={search_term_string}\"},\"query-input\":{\"@type\":\"PropertyValueSpecification\",\"valueRequired\":true,\"valueName\":\"search_term_string\"}}],\"inLanguage\":\"pl-PL\"},{\"@type\":\"Organization\",\"@id\":\"https:\/\/kylko.com\/pl\/#organization\",\"name\":\"KYLKO\",\"url\":\"https:\/\/kylko.com\/pl\/\",\"logo\":{\"@type\":\"ImageObject\",\"inLanguage\":\"pl-PL\",\"@id\":\"https:\/\/kylko.com\/pl\/#\/schema\/logo\/image\/\",\"url\":\"https:\/\/kylko.com\/wp-content\/uploads\/2025\/07\/logo.svg\",\"contentUrl\":\"https:\/\/kylko.com\/wp-content\/uploads\/2025\/07\/logo.svg\",\"width\":1,\"height\":1,\"caption\":\"KYLKO\"},\"image\":{\"@id\":\"https:\/\/kylko.com\/pl\/#\/schema\/logo\/image\/\"},\"sameAs\":[\"https:\/\/www.facebook.com\/kylkoofficial\",\"https:\/\/www.linkedin.com\/company\/kylko\/\",\"https:\/\/www.instagram.com\/kylko_official\/#\"]}]}<\/script>\n<!-- \/ Yoast SEO Premium plugin. -->","yoast_head_json":{"title":"KYLKO | Kolekcja IRYS | Krzes\u0142a premium do wyj\u0105tkowych wn\u0119trz","description":"Odkryj krzes\u0142a KYLKO z kolekcji Irys \u2013 styl, wygoda i ekologiczne wykonanie. idealne do biur, hoteli i wn\u0119trz komercyjnych.","robots":{"index":"index","follow":"follow","max-snippet":"max-snippet:-1","max-image-preview":"max-image-preview:large","max-video-preview":"max-video-preview:-1"},"canonical":"https:\/\/kylko.com\/pl\/produkt\/irys\/","og_locale":"pl_PL","og_type":"article","og_title":"KYLKO | Kolekcja IRYS | Krzes\u0142a premium do wyj\u0105tkowych wn\u0119trz","og_description":"Odkryj krzes\u0142a KYLKO z kolekcji Irys \u2013 styl, wygoda i ekologiczne wykonanie. idealne do biur, hoteli i wn\u0119trz komercyjnych.","og_url":"https:\/\/kylko.com\/pl\/produkt\/irys\/","og_site_name":"KYLKO","article_publisher":"https:\/\/www.facebook.com\/kylkoofficial","article_modified_time":"2025-09-01T20:35:14+00:00","og_image":[{"width":2000,"height":1414,"url":"https:\/\/kylko.com\/wp-content\/uploads\/2025\/07\/Irys___Kolka_Inne2_Black__Alpha_.webp","type":"image\/webp"}],"twitter_card":"summary_large_image","twitter_title":"Irys","twitter_misc":{"Szacowany czas czytania":"1 minuta"},"schema":{"@context":"https:\/\/schema.org","@graph":[{"@type":"WebPage","@id":"https:\/\/kylko.com\/pl\/produkt\/irys\/","url":"https:\/\/kylko.com\/pl\/produkt\/irys\/","name":"KYLKO | Kolekcja IRYS | Krzes\u0142a premium do wyj\u0105tkowych wn\u0119trz","isPartOf":{"@id":"https:\/\/kylko.com\/pl\/#website"},"primaryImageOfPage":{"@id":"https:\/\/kylko.com\/pl\/produkt\/irys\/#primaryimage"},"image":{"@id":"https:\/\/kylko.com\/pl\/produkt\/irys\/#primaryimage"},"thumbnailUrl":"https:\/\/kylko.com\/wp-content\/uploads\/2025\/07\/Irys___Kolka_Inne2_Black__Alpha_.webp","datePublished":"2025-07-11T10:23:17+00:00","dateModified":"2025-09-01T20:35:14+00:00","description":"Odkryj krzes\u0142a KYLKO z kolekcji Irys \u2013 styl, wygoda i ekologiczne wykonanie. idealne do biur, hoteli i wn\u0119trz komercyjnych.","breadcrumb":{"@id":"https:\/\/kylko.com\/pl\/produkt\/irys\/#breadcrumb"},"inLanguage":"pl-PL","potentialAction":[{"@type":"ReadAction","target":["https:\/\/kylko.com\/pl\/produkt\/irys\/"]}]},{"@type":"ImageObject","inLanguage":"pl-PL","@id":"https:\/\/kylko.com\/pl\/produkt\/irys\/#primaryimage","url":"https:\/\/kylko.com\/wp-content\/uploads\/2025\/07\/Irys___Kolka_Inne2_Black__Alpha_.webp","contentUrl":"https:\/\/kylko.com\/wp-content\/uploads\/2025\/07\/Irys___Kolka_Inne2_Black__Alpha_.webp","width":2000,"height":1414},{"@type":"BreadcrumbList","@id":"https:\/\/kylko.com\/pl\/produkt\/irys\/#breadcrumb","itemListElement":[{"@type":"ListItem","position":1,"name":"Home","item":"https:\/\/kylko.com\/pl\/strona-glowna\/"},{"@type":"ListItem","position":2,"name":"Private: Sklep","item":"https:\/\/kylko.com\/pl\/sklep\/"},{"@type":"ListItem","position":3,"name":"Irys"}]},{"@type":"WebSite","@id":"https:\/\/kylko.com\/pl\/#website","url":"https:\/\/kylko.com\/pl\/","name":"KYLKO","description":"Crafted by your imagination","publisher":{"@id":"https:\/\/kylko.com\/pl\/#organization"},"potentialAction":[{"@type":"SearchAction","target":{"@type":"EntryPoint","urlTemplate":"https:\/\/kylko.com\/pl\/?s={search_term_string}"},"query-input":{"@type":"PropertyValueSpecification","valueRequired":true,"valueName":"search_term_string"}}],"inLanguage":"pl-PL"},{"@type":"Organization","@id":"https:\/\/kylko.com\/pl\/#organization","name":"KYLKO","url":"https:\/\/kylko.com\/pl\/","logo":{"@type":"ImageObject","inLanguage":"pl-PL","@id":"https:\/\/kylko.com\/pl\/#\/schema\/logo\/image\/","url":"https:\/\/kylko.com\/wp-content\/uploads\/2025\/07\/logo.svg","contentUrl":"https:\/\/kylko.com\/wp-content\/uploads\/2025\/07\/logo.svg","width":1,"height":1,"caption":"KYLKO"},"image":{"@id":"https:\/\/kylko.com\/pl\/#\/schema\/logo\/image\/"},"sameAs":["https:\/\/www.facebook.com\/kylkoofficial","https:\/\/www.linkedin.com\/company\/kylko\/","https:\/\/www.instagram.com\/kylko_official\/#"]}]}},"_links":{"self":[{"href":"https:\/\/kylko.com\/pl\/wp-json\/wp\/v2\/product\/4216","targetHints":{"allow":["GET"]}}],"collection":[{"href":"https:\/\/kylko.com\/pl\/wp-json\/wp\/v2\/product"}],"about":[{"href":"https:\/\/kylko.com\/pl\/wp-json\/wp\/v2\/types\/product"}],"replies":[{"embeddable":true,"href":"https:\/\/kylko.com\/pl\/wp-json\/wp\/v2\/comments?post=4216"}],"wp:featuredmedia":[{"embeddable":true,"href":"https:\/\/kylko.com\/pl\/wp-json\/wp\/v2\/media\/3228"}],"wp:attachment":[{"href":"https:\/\/kylko.com\/pl\/wp-json\/wp\/v2\/media?parent=4216"}],"wp:term":[{"taxonomy":"product_brand","embeddable":true,"href":"https:\/\/kylko.com\/pl\/wp-json\/wp\/v2\/product_brand?post=4216"},{"taxonomy":"product_cat","embeddable":true,"href":"https:\/\/kylko.com\/pl\/wp-json\/wp\/v2\/product_cat?post=4216"},{"taxonomy":"product_tag","embeddable":true,"href":"https:\/\/kylko.com\/pl\/wp-json\/wp\/v2\/product_tag?post=4216"}],"curies":[{"name":"wp","href":"https:\/\/api.w.org\/{rel}","templated":true}]}}